{"id":24,"date":"2022-05-01T16:03:39","date_gmt":"2022-05-01T16:03:39","guid":{"rendered":"http:\/\/retour.pomeloyou.eu\/?page_id=24"},"modified":"2022-05-03T16:23:45","modified_gmt":"2022-05-03T16:23:45","slug":"colibri-wp","status":"publish","type":"page","link":"http:\/\/retour.pomeloyou.eu\/","title":{"rendered":"Front Page"},"content":{"rendered":"<div data-colibri-id=\"24-c1\" class=\"style-194 style-local-24-c1 position-relative\">\n  <!---->\n  <div data-colibri-component=\"section\" data-colibri-id=\"24-c2\" id=\"overlappable\" class=\"h-section h-section-global-spacing d-flex align-items-lg-center align-items-md-center align-items-center style-195 style-local-24-c2 position-relative\">\n    <!---->\n    <!---->\n    <div class=\"h-section-grid-container h-section-boxed-container\">\n      <!---->\n      <div data-colibri-id=\"24-c3\" class=\"h-row-container gutters-row-lg-0 gutters-row-md-0 gutters-row-2 gutters-row-v-lg-0 gutters-row-v-md-0 gutters-row-v-2 style-196 style-local-24-c3 position-relative\">\n        <!---->\n        <div class=\"h-row justify-content-lg-center justify-content-md-center justify-content-center align-items-lg-stretch align-items-md-stretch align-items-stretch gutters-col-lg-0 gutters-col-md-0 gutters-col-2 gutters-col-v-lg-0 gutters-col-v-md-0 gutters-col-v-2\">\n          <!---->\n          <div class=\"h-column h-column-container d-flex h-col-lg-4 h-col-md-4 h-col-12 style-197-outer style-local-24-c4-outer\">\n            <div data-colibri-id=\"24-c4\" class=\"d-flex h-flex-basis h-column__inner h-px-lg-3 h-px-md-3 h-px-2 v-inner-lg-3 v-inner-md-3 v-inner-2 style-197 style-local-24-c4 position-relative\">\n              <!---->\n              <!---->\n              <div class=\"w-100 h-y-container h-column__content h-column__v-align flex-basis-100 align-self-lg-start align-self-md-start align-self-start\">\n                <!---->\n                <div data-colibri-id=\"24-c5\" class=\"h-icon style-198 style-local-24-c5 position-relative h-element\">\n                  <!----><span class=\"h-svg-icon h-icon__icon style-198-icon style-local-24-c5-icon\"><!--Icon by Icons8 Line Awesome (https:\/\/icons8.com\/line-awesome)--><svg version=\"1.1\" xmlns=\"http:\/\/www.w3.org\/2000\/svg\" xmlns:xlink=\"http:\/\/www.w3.org\/1999\/xlink\" id=\"area-chart\" viewBox=\"0 0 512 545.5\"><path d=\"M448 97v383H64V204.5l19 4 73 14.5 91-60.5 5.5-3.5 6 1 89.5 15 74-58zm-32 65.5l-54 42-5.5 4.5-7-1-90-15-90.5 60.5-5.5 3.5-6.5-1.5-61-12V309l62 25 89-59.5 6.5-4 7.5 2.5 87.5 29 67.5-53.5v-86zm0 127l-54 43-7 5.5-8-3-88-29.5-90 60-7 4.5-8-3-58-23v104h320V289.5z\"><\/path><\/svg><\/span><\/div>\n                <div\n                  data-colibri-id=\"24-c6\" class=\"h-global-transition-all h-heading style-199 style-local-24-c6 position-relative h-element\">\n                  <!---->\n                  <div class=\"h-heading__outer style-199 style-local-24-c6\">\n                    <!---->\n                    <!---->\n                    <h5 class=\"\">ERF\u00dcLLUNG IN E-COMMERCE<\/h5>\n                  <\/div>\n              <\/div>\n              <div data-colibri-id=\"24-c7\" class=\"h-text h-text-component style-200 style-local-24-c7 position-relative h-element\">\n                <!---->\n                <!---->\n                <div class=\"\">\n                  <p>Wir bieten Lager-, Liefer- und Inspektionsdienste f\u00fcr internationale E-Commerce-Verk\u00e4ufer.<\/p>\n                <\/div>\n              <\/div>\n              <div data-colibri-id=\"24-c8\" class=\"h-x-container style-201 style-local-24-c8 position-relative h-element\">\n                <!---->\n                <div class=\"h-x-container-inner style-dynamic-24-c8-group style-201-spacing style-local-24-c8-spacing\"><span class=\"h-link__outer style-202-outer style-local-24-c9-outer d-inline-flex h-element\"><a h-use-smooth-scroll=\"true\" href=\"http:\/\/retour.pomeloyou.eu\/?p=177\"  data-colibri-id=\"24-c9\" class=\"d-flex w-100 align-items-center h-link style-202 style-local-24-c9 position-relative\"><!----><!----> <span>Read more<\/span>                  <span class=\"h-svg-icon h-link__icon style-202-icon style-local-24-c9-icon\"><!--Icon by Icons8 Line Awesome (https:\/\/icons8.com\/line-awesome)--><svg version=\"1.1\" xmlns=\"http:\/\/www.w3.org\/2000\/svg\" xmlns:xlink=\"http:\/\/www.w3.org\/1999\/xlink\" id=\"angle-double-right\" viewBox=\"0 0 512 545.5\"><path d=\"M145.5 108.5l168 168L325 288l-11.5 11.5-168 168-22.5-23L279.5 288 123 131.5zm112 0l168 168L437 288l-11.5 11.5-168 168-22.5-23L391.5 288 235 131.5z\"><\/path><\/svg><\/span><\/a>\n                  <\/span>\n                <\/div>\n              <\/div>\n            <\/div>\n          <\/div>\n        <\/div>\n        <div class=\"h-column h-column-container d-flex h-col-lg-4 h-col-md-4 h-col-12 style-197-outer style-local-24-c10-outer\">\n          <div data-colibri-id=\"24-c10\" class=\"d-flex h-flex-basis h-column__inner h-px-lg-3 h-px-md-3 h-px-2 v-inner-lg-3 v-inner-md-3 v-inner-2 style-197 style-local-24-c10 position-relative\">\n            <!---->\n            <!---->\n            <div class=\"w-100 h-y-container h-column__content h-column__v-align flex-basis-100 align-self-lg-start align-self-md-start align-self-start\">\n              <!---->\n              <div data-colibri-id=\"24-c11\" class=\"h-icon style-198 style-local-24-c11 position-relative h-element\">\n                <!----><span class=\"h-svg-icon h-icon__icon style-198-icon style-local-24-c11-icon\"><!--Icon by Icons8 Line Awesome (https:\/\/icons8.com\/line-awesome)--><svg version=\"1.1\" xmlns=\"http:\/\/www.w3.org\/2000\/svg\" xmlns:xlink=\"http:\/\/www.w3.org\/1999\/xlink\" id=\"paper-plane\" viewBox=\"0 0 512 545.5\"><path d=\"M57.5 117.5L86 129l352 144 36.5 15-36.5 15L86 447l-28.5 11.5 7-30 31-140.5-31-140.5zm44.5 53L124.5 272h226zM124.5 304L102 405.5 350.5 304h-226z\"><\/path><\/svg><\/span><\/div>\n              <div\n                data-colibri-id=\"24-c12\" class=\"h-global-transition-all h-heading style-199 style-local-24-c12 position-relative h-element\">\n                <!---->\n                <div class=\"h-heading__outer style-199 style-local-24-c12\">\n                  <!---->\n                  <!---->\n                  <h5 class=\"\">FBM f\u00fcr amazon<\/h5>\n                <\/div>\n            <\/div>\n            <div data-colibri-id=\"24-c13\" class=\"h-text h-text-component style-200 style-local-24-c13 position-relative h-element\">\n              <!---->\n              <!---->\n              <div class=\"\">\n                <p>Wir bieten Amazon-Verk\u00e4ufern einen FBM-Service (<span style=\"font-weight: 400; font-size: 16px; font-family: Montserrat, sans-serif; color: rgb(3, 40, 128);\">Fulfillment by Merchant<\/span>)<\/p>\n              <\/div>\n            <\/div>\n            <div data-colibri-id=\"24-c14\" class=\"h-x-container style-201 style-local-24-c14 position-relative h-element\">\n              <!---->\n              <div class=\"h-x-container-inner style-dynamic-24-c14-group style-201-spacing style-local-24-c14-spacing\"><span class=\"h-link__outer style-202-outer style-local-24-c15-outer d-inline-flex h-element\"><a h-use-smooth-scroll=\"true\" href=\"http:\/\/retour.pomeloyou.eu\/?p=177\"  data-colibri-id=\"24-c15\" class=\"d-flex w-100 align-items-center h-link style-202 style-local-24-c15 position-relative\"><!----><!----> <span>Read more<\/span>                <span class=\"h-svg-icon h-link__icon style-202-icon style-local-24-c15-icon\"><!--Icon by Icons8 Line Awesome (https:\/\/icons8.com\/line-awesome)--><svg version=\"1.1\" xmlns=\"http:\/\/www.w3.org\/2000\/svg\" xmlns:xlink=\"http:\/\/www.w3.org\/1999\/xlink\" id=\"angle-double-right\" viewBox=\"0 0 512 545.5\"><path d=\"M145.5 108.5l168 168L325 288l-11.5 11.5-168 168-22.5-23L279.5 288 123 131.5zm112 0l168 168L437 288l-11.5 11.5-168 168-22.5-23L391.5 288 235 131.5z\"><\/path><\/svg><\/span><\/a>\n                <\/span>\n              <\/div>\n            <\/div>\n          <\/div>\n        <\/div>\n      <\/div>\n      <div class=\"h-column h-column-container d-flex h-col-lg-4 h-col-md-4 h-col-12 style-197-outer style-local-24-c16-outer\">\n        <div data-colibri-id=\"24-c16\" class=\"d-flex h-flex-basis h-column__inner h-px-lg-3 h-px-md-3 h-px-2 v-inner-lg-3 v-inner-md-3 v-inner-2 style-197 style-local-24-c16 position-relative\">\n          <!---->\n          <!---->\n          <div class=\"w-100 h-y-container h-column__content h-column__v-align flex-basis-100 align-self-lg-start align-self-md-start align-self-start\">\n            <!---->\n            <div data-colibri-id=\"24-c17\" class=\"h-icon style-198 style-local-24-c17 position-relative h-element\">\n              <!----><span class=\"h-svg-icon h-icon__icon style-198-icon style-local-24-c17-icon\"><!--Icon by Icons8 Line Awesome (https:\/\/icons8.com\/line-awesome)--><svg version=\"1.1\" xmlns=\"http:\/\/www.w3.org\/2000\/svg\" xmlns:xlink=\"http:\/\/www.w3.org\/1999\/xlink\" id=\"cubes\" viewBox=\"0 0 512 545.5\"><path d=\"M256 96l6 2.5 96 38.5 10 4v107.5l86.5 37.5 9.5 4.5v129l-8 5-96 53.5-7.5 4-7.5-3.5-89-44.5-89 44.5-7.5 3.5-7.5-4-96-53.5-8-5v-129l9.5-4.5 86.5-37.5V141l10-4 96-38.5zm0 35l-52.5 20.5L256 172l52.5-20.5zm-80 44v74l64 28.5v-78zm160 0l-64 24.5v78l64-28.5v-74zM160 277l-58 25 58 29 58-28.5zm192 0l-40 17.5-18 8 58 28.5 58-29zM80 326.5V401l64 36v-78.5zm352 0l-64 32V437l64-36v-74.5zm-192 1l-64 31V438l64-32v-78.5zm32 0V406l64 32v-79.5z\"><\/path><\/svg><\/span><\/div>\n            <div\n              data-colibri-id=\"24-c18\" class=\"h-global-transition-all h-heading style-199 style-local-24-c18 position-relative h-element\">\n              <!---->\n              <div class=\"h-heading__outer style-199 style-local-24-c18\">\n                <!---->\n                <!---->\n                <h5 class=\"\">retour service<\/h5>\n              <\/div>\n          <\/div>\n          <div data-colibri-id=\"24-c19\" class=\"h-text h-text-component style-200 style-local-24-c19 position-relative h-element\">\n            <!---->\n            <!---->\n            <div class=\"\">\n              <p>Wir bearbeiten Verbraucherretouren f\u00fcr E-Commerce-Verk\u00e4ufer<\/p>\n            <\/div>\n          <\/div>\n          <div data-colibri-id=\"24-c20\" class=\"h-x-container style-201 style-local-24-c20 position-relative h-element\">\n            <!---->\n            <div class=\"h-x-container-inner style-dynamic-24-c20-group style-201-spacing style-local-24-c20-spacing\"><span class=\"h-link__outer style-202-outer style-local-24-c21-outer d-inline-flex h-element\"><a h-use-smooth-scroll=\"true\" href=\"http:\/\/retour.pomeloyou.eu\/?p=165\"  data-colibri-id=\"24-c21\" class=\"d-flex w-100 align-items-center h-link style-202 style-local-24-c21 position-relative\"><!----><!----> <span>Read more<\/span>              <span class=\"h-svg-icon h-link__icon style-202-icon style-local-24-c21-icon\"><!--Icon by Icons8 Line Awesome (https:\/\/icons8.com\/line-awesome)--><svg version=\"1.1\" xmlns=\"http:\/\/www.w3.org\/2000\/svg\" xmlns:xlink=\"http:\/\/www.w3.org\/1999\/xlink\" id=\"angle-double-right\" viewBox=\"0 0 512 545.5\"><path d=\"M145.5 108.5l168 168L325 288l-11.5 11.5-168 168-22.5-23L279.5 288 123 131.5zm112 0l168 168L437 288l-11.5 11.5-168 168-22.5-23L391.5 288 235 131.5z\"><\/path><\/svg><\/span><\/a>\n              <\/span>\n            <\/div>\n          <\/div>\n        <\/div>\n      <\/div>\n    <\/div>\n  <\/div>\n<\/div>\n<\/div>\n<\/div>\n<div data-colibri-component=\"section\" data-colibri-id=\"24-c22\" id=\"about\" class=\"h-section h-section-global-spacing d-flex align-items-lg-center align-items-md-center align-items-center style-203 style-local-24-c22 position-relative\">\n  <!---->\n  <!---->\n  <div class=\"h-section-grid-container h-section-boxed-container\">\n    <!---->\n    <div data-colibri-id=\"24-c23\" class=\"h-row-container gutters-row-lg-0 gutters-row-md-0 gutters-row-0 gutters-row-v-lg-0 gutters-row-v-md-0 gutters-row-v-0 style-204 style-local-24-c23 position-relative\">\n      <!---->\n      <div class=\"h-row justify-content-lg-center justify-content-md-center justify-content-center align-items-lg-stretch align-items-md-stretch align-items-stretch gutters-col-lg-0 gutters-col-md-0 gutters-col-0 gutters-col-v-lg-0 gutters-col-v-md-0 gutters-col-v-0\">\n        <!---->\n        <div class=\"h-column h-column-container d-flex h-col-lg-auto h-col-md-auto h-col-auto style-205-outer style-local-24-c24-outer\">\n          <div data-colibri-id=\"24-c24\" class=\"d-flex h-flex-basis h-column__inner h-px-lg-0 h-px-md-0 h-px-0 v-inner-lg-0 v-inner-md-0 v-inner-0 style-205 style-local-24-c24 position-relative\">\n            <!---->\n            <!---->\n            <div class=\"w-100 h-y-container h-column__content h-column__v-align flex-basis-100 align-self-lg-start align-self-md-start align-self-start\">\n              <!---->\n              <div data-colibri-id=\"24-c25\" class=\"h-global-transition-all h-heading style-206 style-local-24-c25 position-relative h-element\">\n                <!---->\n                <div class=\"h-heading__outer style-206 style-local-24-c25\">\n                  <!---->\n                  <!---->\n                  <h5 class=\"\">About us<\/h5>\n                <\/div>\n              <\/div>\n              <div data-colibri-id=\"24-c26\" class=\"h-global-transition-all h-heading style-207 style-local-24-c26 position-relative h-element\">\n                <!---->\n                <div class=\"h-heading__outer style-207 style-local-24-c26\">\n                  <!---->\n                  <!---->\n                  <h2 class=\"\">Intl. E-commerce Dienstleister<\/h2>\n                <\/div>\n              <\/div>\n              <div data-colibri-id=\"24-c27\" class=\"h-text h-text-component style-208 style-local-24-c27 position-relative h-element\">\n                <!---->\n                <!---->\n                <div class=\"\">\n                  <p>Wir sind ein Dienstleister, der Logistik, Lagerhaltung, Versand, Retouren und andere Dienstleistungen f\u00fcr E-Commerce-Verk\u00e4ufer anbietet. Wir sind ein B2B-Dienstleister, unsere Kunden kommen von vielen Verk\u00e4ufern auf der ganzen Welt.<\/p>\n                <\/div>\n              <\/div>\n            <\/div>\n          <\/div>\n        <\/div>\n        <div class=\"h-column h-column-container d-flex h-col-lg-auto h-col-md-auto h-col-auto style-209-outer style-local-24-c28-outer\">\n          <div data-colibri-id=\"24-c28\" class=\"d-flex h-flex-basis h-column__inner h-ui-empty-state-container h-px-lg-2 h-px-md-2 h-px-2 v-inner-lg-2 v-inner-md-2 v-inner-2 style-209 style-local-24-c28 position-relative\">\n            <!---->\n            <!---->\n            <div class=\"w-100 h-y-container h-column__content h-column__v-align flex-basis-100\">\n              <!---->\n            <\/div>\n          <\/div>\n        <\/div>\n      <\/div>\n    <\/div>\n  <\/div>\n<\/div>\n<\/div>","protected":false},"excerpt":{"rendered":"<p>ERF\u00dcLLUNG IN E-COMMERCE Wir bieten Lager-, Liefer- und Inspektionsdienste f\u00fcr internationale E-Commerce-Verk\u00e4ufer. Read more FBM f\u00fcr amazon Wir bieten Amazon-Verk\u00e4ufern einen FBM-Service (Fulfillment by Merchant) Read more retour service Wir bearbeiten Verbraucherretouren f\u00fcr E-Commerce-Verk\u00e4ufer Read more About us Intl. E-commerce Dienstleister Wir sind ein Dienstleister, der Logistik, Lagerhaltung, Versand, Retouren und andere Dienstleistungen f\u00fcr E-Commerce-Verk\u00e4ufer [&hellip;]<\/p>\n","protected":false},"author":1,"featured_media":0,"parent":0,"menu_order":0,"comment_status":"closed","ping_status":"closed","template":"page-templates\/homepage.php","meta":[],"_links":{"self":[{"href":"http:\/\/retour.pomeloyou.eu\/index.php?rest_route=\/wp\/v2\/pages\/24"}],"collection":[{"href":"http:\/\/retour.pomeloyou.eu\/index.php?rest_route=\/wp\/v2\/pages"}],"about":[{"href":"http:\/\/retour.pomeloyou.eu\/index.php?rest_route=\/wp\/v2\/types\/page"}],"author":[{"embeddable":true,"href":"http:\/\/retour.pomeloyou.eu\/index.php?rest_route=\/wp\/v2\/users\/1"}],"replies":[{"embeddable":true,"href":"http:\/\/retour.pomeloyou.eu\/index.php?rest_route=%2Fwp%2Fv2%2Fcomments&post=24"}],"version-history":[{"count":13,"href":"http:\/\/retour.pomeloyou.eu\/index.php?rest_route=\/wp\/v2\/pages\/24\/revisions"}],"predecessor-version":[{"id":268,"href":"http:\/\/retour.pomeloyou.eu\/index.php?rest_route=\/wp\/v2\/pages\/24\/revisions\/268"}],"wp:attachment":[{"href":"http:\/\/retour.pomeloyou.eu\/index.php?rest_route=%2Fwp%2Fv2%2Fmedia&parent=24"}],"curies":[{"name":"wp","href":"https:\/\/api.w.org\/{rel}","templated":true}]}}